{"id":1704,"date":"2025-03-18T16:34:15","date_gmt":"2025-03-18T23:34:15","guid":{"rendered":"https:\/\/rootsinmotion.org\/?page_id=1704"},"modified":"2025-03-18T16:48:31","modified_gmt":"2025-03-18T23:48:31","slug":"resource-directory-accessible","status":"publish","type":"page","link":"https:\/\/rootsinmotion.org\/es\/resource-directory-accessible\/","title":{"rendered":"Directorio de Recursos"},"content":{"rendered":"<div data-elementor-type=\"wp-page\" data-elementor-id=\"1704\" class=\"elementor elementor-1704\" data-elementor-post-type=\"page\">\n\t\t\t\t<div class=\"elementor-element elementor-element-3c39953 e-flex e-con-boxed e-con e-parent\" data-id=\"3c39953\" data-element_type=\"container\">\n\t\t\t\t\t<div class=\"e-con-inner\">\n\t\t\t\t<div class=\"elementor-element elementor-element-8574e3b elementor-widget elementor-widget-text-editor\" data-id=\"8574e3b\" data-element_type=\"widget\" data-widget_type=\"text-editor.default\">\n\t\t\t\t<div class=\"elementor-widget-container\">\n\t\t\t\t\t\t\t\t\t<p>Hemos compilado un directorio de recursos para la salud mental y f\u00edsica disponibles en el \u00e1rea de Los \u00c1ngeles. Si tiene alg\u00fan recurso que considere \u00fatil, puede enviarlo y lo agregaremos al directorio despu\u00e9s de un proceso de aprobaci\u00f3n.<\/p>\t\t\t\t\t\t\t\t<\/div>\n\t\t\t\t<\/div>\n\t\t<div class=\"elementor-element elementor-element-f6546da e-con-full e-flex e-con e-child\" data-id=\"f6546da\" data-element_type=\"container\">\n\t\t<div class=\"elementor-element elementor-element-1df7ce9 e-con-full e-flex e-con e-child\" data-id=\"1df7ce9\" data-element_type=\"container\">\n\t\t\t\t<div class=\"elementor-element elementor-element-dd0f508 elementor-widget elementor-widget-html\" data-id=\"dd0f508\" data-element_type=\"widget\" data-widget_type=\"html.default\">\n\t\t\t\t<div class=\"elementor-widget-container\">\n\t\t\t\t\t<iframe class=\"airtable-embed\" src=\"https:\/\/airtable.com\/embed\/appt0nfzqA6QR5Q2J\/pagpG84ndCfZV37qv\/form\" frameborder=\"0\" onmousewheel=\"\" width=\"100%\" height=\"533\" style=\"background: transparent; border: 1px solid #ccc;\"><\/iframe>\t\t\t\t<\/div>\n\t\t\t\t<\/div>\n\t\t\t\t<\/div>\n\t\t<div class=\"elementor-element elementor-element-43ed001 e-con-full e-flex e-con e-child\" data-id=\"43ed001\" data-element_type=\"container\">\n\t\t\t\t<div class=\"elementor-element elementor-element-9dcc495 elementor-widget elementor-widget-html\" data-id=\"9dcc495\" data-element_type=\"widget\" data-widget_type=\"html.default\">\n\t\t\t\t<div class=\"elementor-widget-container\">\n\t\t\t\t\t<iframe class=\"airtable-embed\" src=\"https:\/\/airtable.com\/embed\/appt0nfzqA6QR5Q2J\/shrX9wPjfHfi1MZgs?viewControls=on\" frameborder=\"0\" onmousewheel=\"\" width=\"100%\" height=\"533\" style=\"background: transparent; border: 1px solid #ccc;\"><\/iframe>\t\t\t\t<\/div>\n\t\t\t\t<\/div>\n\t\t\t\t<\/div>\n\t\t\t\t<\/div>\n\t\t\t\t\t<\/div>\n\t\t\t\t<\/div>\n\t\t\t\t<\/div>","protected":false},"excerpt":{"rendered":"<p>Hemos compilado un directorio de recursos para la salud mental y f\u00edsica disponibles en el \u00e1rea de Los \u00c1ngeles. Si tiene alg\u00fan recurso que considere \u00fatil, puede enviarlo y lo agregaremos al directorio despu\u00e9s de un proceso de aprobaci\u00f3n.<\/p>","protected":false},"author":1,"featured_media":0,"parent":0,"menu_order":0,"comment_status":"closed","ping_status":"closed","template":"","meta":{"_monsterinsights_skip_tracking":false,"_monsterinsights_sitenote_active":false,"_monsterinsights_sitenote_note":"","_monsterinsights_sitenote_category":0,"footnotes":""},"class_list":["post-1704","page","type-page","status-publish","hentry"],"aioseo_notices":[],"jetpack_sharing_enabled":true,"_links":{"self":[{"href":"https:\/\/rootsinmotion.org\/es\/wp-json\/wp\/v2\/pages\/1704","targetHints":{"allow":["GET"]}}],"collection":[{"href":"https:\/\/rootsinmotion.org\/es\/wp-json\/wp\/v2\/pages"}],"about":[{"href":"https:\/\/rootsinmotion.org\/es\/wp-json\/wp\/v2\/types\/page"}],"author":[{"embeddable":true,"href":"https:\/\/rootsinmotion.org\/es\/wp-json\/wp\/v2\/users\/1"}],"replies":[{"embeddable":true,"href":"https:\/\/rootsinmotion.org\/es\/wp-json\/wp\/v2\/comments?post=1704"}],"version-history":[{"count":8,"href":"https:\/\/rootsinmotion.org\/es\/wp-json\/wp\/v2\/pages\/1704\/revisions"}],"predecessor-version":[{"id":1720,"href":"https:\/\/rootsinmotion.org\/es\/wp-json\/wp\/v2\/pages\/1704\/revisions\/1720"}],"wp:attachment":[{"href":"https:\/\/rootsinmotion.org\/es\/wp-json\/wp\/v2\/media?parent=1704"}],"curies":[{"name":"wp","href":"https:\/\/api.w.org\/{rel}","templated":true}]}}