{"id":1673,"date":"2025-03-18T15:52:11","date_gmt":"2025-03-18T22:52:11","guid":{"rendered":"https:\/\/rootsinmotion.org\/?page_id=1673"},"modified":"2025-03-18T16:48:06","modified_gmt":"2025-03-18T23:48:06","slug":"about-us-accessible","status":"publish","type":"page","link":"https:\/\/rootsinmotion.org\/es\/about-us-accessible\/","title":{"rendered":"Sobre nosotros"},"content":{"rendered":"<div data-elementor-type=\"wp-page\" data-elementor-id=\"1673\" class=\"elementor elementor-1673\" data-elementor-post-type=\"page\">\n\t\t\t\t<div class=\"elementor-element elementor-element-b4736d9 e-flex e-con-boxed e-con e-parent\" data-id=\"b4736d9\" data-element_type=\"container\">\n\t\t\t\t\t<div class=\"e-con-inner\">\n\t\t\t\t<div class=\"elementor-element elementor-element-9748afa elementor-widget elementor-widget-text-editor\" data-id=\"9748afa\" data-element_type=\"widget\" data-widget_type=\"text-editor.default\">\n\t\t\t\t<div class=\"elementor-widget-container\">\n\t\t\t\t\t\t\t\t\t<p>Ra\u00edces en Movimiento (RIM) fomenta la salud y la resiliencia intergeneracional en comunidades racializadas de bajos recursos mediante aventuras al aire libre y actividades basadas en el movimiento. Como parte de la Agencia de Gesti\u00f3n de Retribuci\u00f3n de Acci\u00f3n K\u00e1rmica, RIM celebra la diversidad de identidades y herencias ancestrales, creando programas empoderadores que fomentan el bienestar, la creatividad y la conexi\u00f3n comunitaria. Desde 2013, ofrecemos iniciativas durante todo el a\u00f1o, como campamentos juveniles, excursiones en bicicleta y excursiones de mochilero, que brindan espacios para el crecimiento personal y la conexi\u00f3n con la naturaleza.<\/p>\t\t\t\t\t\t\t\t<\/div>\n\t\t\t\t<\/div>\n\t\t\t\t<div class=\"elementor-element elementor-element-09af3d2 elementor-widget elementor-widget-image\" data-id=\"09af3d2\" data-element_type=\"widget\" data-widget_type=\"image.default\">\n\t\t\t\t<div class=\"elementor-widget-container\">\n\t\t\t\t\t\t\t\t\t\t\t\t\t\t\t<img fetchpriority=\"high\" decoding=\"async\" width=\"800\" height=\"450\" src=\"https:\/\/rootsinmotion.org\/wp-content\/uploads\/2025\/03\/Copy-of-KARMA-Onboarding-1024x576.jpg\" class=\"attachment-large size-large wp-image-1414\" alt=\"Graphic of the KARMA team depicting Jo Iraheta, the Executive Director, Woody Joseph-Sanberg, the Financial Executive, and Imelda Romero, the Community Engagement Coordinator\" srcset=\"https:\/\/rootsinmotion.org\/wp-content\/uploads\/2025\/03\/Copy-of-KARMA-Onboarding-1024x576.jpg 1024w, https:\/\/rootsinmotion.org\/wp-content\/uploads\/2025\/03\/Copy-of-KARMA-Onboarding-300x169.jpg 300w, https:\/\/rootsinmotion.org\/wp-content\/uploads\/2025\/03\/Copy-of-KARMA-Onboarding-768x432.jpg 768w, https:\/\/rootsinmotion.org\/wp-content\/uploads\/2025\/03\/Copy-of-KARMA-Onboarding-1536x864.jpg 1536w, https:\/\/rootsinmotion.org\/wp-content\/uploads\/2025\/03\/Copy-of-KARMA-Onboarding-18x10.jpg 18w, https:\/\/rootsinmotion.org\/wp-content\/uploads\/2025\/03\/Copy-of-KARMA-Onboarding.jpg 1920w\" sizes=\"(max-width: 800px) 100vw, 800px\" \/>\t\t\t\t\t\t\t\t\t\t\t\t\t\t\t<\/div>\n\t\t\t\t<\/div>\n\t\t\t\t\t<\/div>\n\t\t\t\t<\/div>\n\t\t\t\t<\/div>","protected":false},"excerpt":{"rendered":"<p>Roots In Motion (RIM) cultivates intergenerational health and resilience in low-income communities of color through outdoor adventures and movement-based activities. As part of Karmic Action Retribution Management Agency, RIM celebrates diverse identities and ancestral heritages, creating empowering programs that foster wellness, creativity, and community connection. Since 2013, we\u2019ve offered year-round initiatives like youth camps, bike [&hellip;]<\/p>","protected":false},"author":1,"featured_media":0,"parent":0,"menu_order":0,"comment_status":"closed","ping_status":"closed","template":"","meta":{"_monsterinsights_skip_tracking":false,"_monsterinsights_sitenote_active":false,"_monsterinsights_sitenote_note":"","_monsterinsights_sitenote_category":0,"footnotes":""},"class_list":["post-1673","page","type-page","status-publish","hentry"],"aioseo_notices":[],"jetpack_sharing_enabled":true,"_links":{"self":[{"href":"https:\/\/rootsinmotion.org\/es\/wp-json\/wp\/v2\/pages\/1673","targetHints":{"allow":["GET"]}}],"collection":[{"href":"https:\/\/rootsinmotion.org\/es\/wp-json\/wp\/v2\/pages"}],"about":[{"href":"https:\/\/rootsinmotion.org\/es\/wp-json\/wp\/v2\/types\/page"}],"author":[{"embeddable":true,"href":"https:\/\/rootsinmotion.org\/es\/wp-json\/wp\/v2\/users\/1"}],"replies":[{"embeddable":true,"href":"https:\/\/rootsinmotion.org\/es\/wp-json\/wp\/v2\/comments?post=1673"}],"version-history":[{"count":11,"href":"https:\/\/rootsinmotion.org\/es\/wp-json\/wp\/v2\/pages\/1673\/revisions"}],"predecessor-version":[{"id":1717,"href":"https:\/\/rootsinmotion.org\/es\/wp-json\/wp\/v2\/pages\/1673\/revisions\/1717"}],"wp:attachment":[{"href":"https:\/\/rootsinmotion.org\/es\/wp-json\/wp\/v2\/media?parent=1673"}],"curies":[{"name":"wp","href":"https:\/\/api.w.org\/{rel}","templated":true}]}}