{"id":1656,"date":"2025-03-18T15:42:10","date_gmt":"2025-03-18T22:42:10","guid":{"rendered":"https:\/\/rootsinmotion.org\/?page_id=1656"},"modified":"2025-05-14T17:48:33","modified_gmt":"2025-05-15T00:48:33","slug":"la-rooted-accessible","status":"publish","type":"page","link":"https:\/\/rootsinmotion.org\/es\/la-rooted-accessible\/","title":{"rendered":"LA Rooted"},"content":{"rendered":"<div data-elementor-type=\"wp-page\" data-elementor-id=\"1656\" class=\"elementor elementor-1656\" data-elementor-post-type=\"page\">\n\t\t\t\t<div class=\"elementor-element elementor-element-b1a2224 e-flex e-con-boxed e-con e-parent\" data-id=\"b1a2224\" data-element_type=\"container\">\n\t\t\t\t\t<div class=\"e-con-inner\">\n\t\t\t\t<div class=\"elementor-element elementor-element-7348a4e elementor-widget elementor-widget-text-editor\" data-id=\"7348a4e\" data-element_type=\"widget\" data-widget_type=\"text-editor.default\">\n\t\t\t\t<div class=\"elementor-widget-container\">\n\t\t\t\t\t\t\t\t\t<p>LA Rooted surgi\u00f3 como un referente en la defensa transformadora de la juventud. Fundado en marzo de 2013 en colaboraci\u00f3n con Everything is Medicine, LA Rooted es m\u00e1s que un simple programa; es una trayectoria que abarca el liderazgo comunitario, la sabidur\u00eda ancestral y la gesti\u00f3n ambiental. Nuestro enfoque pr\u00e1ctico e indagatorio se nutre de la rica diversidad cultural y de biodiversidad de Los \u00c1ngeles, centr\u00e1ndose en empoderar a las comunidades marginadas. Con recientes expansiones, que incluyen un componente colectivo queer, nos comprometemos a celebrar la herencia y la ascendencia de la juventud, allanando el camino hacia un futuro m\u00e1s inclusivo y resiliente.<\/p><div class=\"elementor-element elementor-element-b515050 elementor-widget elementor-widget-text-editor\" data-id=\"b515050\" data-element_type=\"widget\" data-widget_type=\"text-editor.default\"><div class=\"elementor-widget-container\"><p><b>Lo que Hacemos:<\/b><\/p><\/div><\/div>\t\t\t\t\t\t\t\t<\/div>\n\t\t\t\t<\/div>\n\t\t<div class=\"elementor-element elementor-element-b1b438e e-con-full e-flex e-con e-child\" data-id=\"b1b438e\" data-element_type=\"container\">\n\t\t<div class=\"elementor-element elementor-element-0c58f1b e-con-full e-flex e-con e-child\" data-id=\"0c58f1b\" data-element_type=\"container\">\n\t\t\t\t<div class=\"elementor-element elementor-element-73b741f elementor-widget elementor-widget-text-editor\" data-id=\"73b741f\" data-element_type=\"widget\" data-widget_type=\"text-editor.default\">\n\t\t\t\t<div class=\"elementor-widget-container\">\n\t\t\t\t\t\t\t\t\t<p><b>Abordar los desaf\u00edos de la juventud: acceso equitativo y empoderamiento<\/b><\/p><p>Urban youth of color face daily challenges stemming from inequitable access to healthy food, resources, and safe physical spaces. Alarming obesity rates among youth disproportionately affect marginalized communities. Moreover, an inequitable system of punishment and violence impacts students of color across the nation. Socioeconomic limitations and inadequate city planning further compound these challenges, affecting health, opportunities, and the environment.<\/p><p><b>Empower Youth for Transformation<\/b><\/p><p>L.A Rooted se compromete a empoderar a cada joven mediante una educaci\u00f3n que fomenta la autoestima, la identidad propia y h\u00e1bitos saludables. Nuestra filosof\u00eda se alinea con la visi\u00f3n de Martin Luther King Jr. de la educaci\u00f3n como medio para desarrollar el pensamiento cr\u00edtico y el car\u00e1cter. El programa se centra en el liderazgo juvenil y abarca \u00e1reas como el bienestar comunitario, el empoderamiento, los estilos de vida saludables, la equidad alimentaria, el transporte seguro y la sostenibilidad ambiental.<\/p>\t\t\t\t\t\t\t\t<\/div>\n\t\t\t\t<\/div>\n\t\t\t\t<\/div>\n\t\t<div class=\"elementor-element elementor-element-9802de6 e-con-full e-flex e-con e-child\" data-id=\"9802de6\" data-element_type=\"container\">\n\t\t\t\t<div class=\"elementor-element elementor-element-093431f elementor-widget elementor-widget-image\" data-id=\"093431f\" data-element_type=\"widget\" data-widget_type=\"image.default\">\n\t\t\t\t<div class=\"elementor-widget-container\">\n\t\t\t\t\t\t\t\t\t\t\t\t\t\t\t<img fetchpriority=\"high\" decoding=\"async\" width=\"800\" height=\"788\" src=\"https:\/\/rootsinmotion.org\/wp-content\/uploads\/2025\/03\/IMG_20250307_160737-1024x1008.jpg\" class=\"attachment-large size-large wp-image-1372\" alt=\"Cyclists in black vests with high visibility stripes posing with their bikes informant of the fountain at Echo Park Lake.\" srcset=\"https:\/\/rootsinmotion.org\/wp-content\/uploads\/2025\/03\/IMG_20250307_160737-1024x1008.jpg 1024w, https:\/\/rootsinmotion.org\/wp-content\/uploads\/2025\/03\/IMG_20250307_160737-300x295.jpg 300w, https:\/\/rootsinmotion.org\/wp-content\/uploads\/2025\/03\/IMG_20250307_160737-768x756.jpg 768w, https:\/\/rootsinmotion.org\/wp-content\/uploads\/2025\/03\/IMG_20250307_160737-12x12.jpg 12w, https:\/\/rootsinmotion.org\/wp-content\/uploads\/2025\/03\/IMG_20250307_160737.jpg 1284w\" sizes=\"(max-width: 800px) 100vw, 800px\" \/>\t\t\t\t\t\t\t\t\t\t\t\t\t\t\t<\/div>\n\t\t\t\t<\/div>\n\t\t\t\t<\/div>\n\t\t\t\t<\/div>\n\t\t<div class=\"elementor-element elementor-element-6386fa1 e-con-full e-flex e-con e-child\" data-id=\"6386fa1\" data-element_type=\"container\">\n\t\t<div class=\"elementor-element elementor-element-77d2b93 e-con-full e-flex e-con e-child\" data-id=\"77d2b93\" data-element_type=\"container\">\n\t\t\t\t<div class=\"elementor-element elementor-element-78c793f elementor-widget elementor-widget-text-editor\" data-id=\"78c793f\" data-element_type=\"widget\" data-widget_type=\"text-editor.default\">\n\t\t\t\t<div class=\"elementor-widget-container\">\n\t\t\t\t\t\t\t\t\t<p><b>Programa Educativo Hol\u00edstico<\/b><\/p><p>El programa emplea una pedagog\u00eda transformadora que proporciona a los j\u00f3venes perspectivas y herramientas para abordar los desaf\u00edos del mundo real en sus comunidades. Los componentes principales del programa incluyen:<\/p><ul><li aria-level=\"1\">Iniciativa Cero Residuos: Ense\u00f1ar a los j\u00f3venes a reutilizar, readaptar y reciclar a trav\u00e9s de pr\u00e1cticas diarias.<\/li><li aria-level=\"1\">Autocuraci\u00f3n y bienestar f\u00edsico: Talleres nutricionales y actividades kinest\u00e9sicas como ciclismo, senderismo y yoga promueven el bienestar mental y f\u00edsico.<\/li><li aria-level=\"1\">Conexi\u00f3n cultural y ambiental: un plan de estudios interdisciplinario involucra a los estudiantes con el mundo natural a trav\u00e9s de actividades como mochilerismo y vermicompostaje.<\/li><\/ul>\t\t\t\t\t\t\t\t<\/div>\n\t\t\t\t<\/div>\n\t\t\t\t<\/div>\n\t\t<div class=\"elementor-element elementor-element-75062aa e-con-full e-flex e-con e-child\" data-id=\"75062aa\" data-element_type=\"container\">\n\t\t\t\t<div class=\"elementor-element elementor-element-cfe835d elementor-widget elementor-widget-image\" data-id=\"cfe835d\" data-element_type=\"widget\" data-widget_type=\"image.default\">\n\t\t\t\t<div class=\"elementor-widget-container\">\n\t\t\t\t\t\t\t\t\t\t\t\t\t\t\t<img decoding=\"async\" width=\"800\" height=\"800\" src=\"https:\/\/rootsinmotion.org\/wp-content\/uploads\/2025\/03\/IMG_20250307_160814-1024x1024.jpg\" class=\"attachment-large size-large wp-image-1365\" alt=\"\" srcset=\"https:\/\/rootsinmotion.org\/wp-content\/uploads\/2025\/03\/IMG_20250307_160814-1024x1024.jpg 1024w, https:\/\/rootsinmotion.org\/wp-content\/uploads\/2025\/03\/IMG_20250307_160814-300x300.jpg 300w, https:\/\/rootsinmotion.org\/wp-content\/uploads\/2025\/03\/IMG_20250307_160814-150x150.jpg 150w, https:\/\/rootsinmotion.org\/wp-content\/uploads\/2025\/03\/IMG_20250307_160814-768x769.jpg 768w, https:\/\/rootsinmotion.org\/wp-content\/uploads\/2025\/03\/IMG_20250307_160814-500x500.jpg 500w, https:\/\/rootsinmotion.org\/wp-content\/uploads\/2025\/03\/IMG_20250307_160814-12x12.jpg 12w, https:\/\/rootsinmotion.org\/wp-content\/uploads\/2025\/03\/IMG_20250307_160814.jpg 1284w\" sizes=\"(max-width: 800px) 100vw, 800px\" \/>\t\t\t\t\t\t\t\t\t\t\t\t\t\t\t<\/div>\n\t\t\t\t<\/div>\n\t\t\t\t<\/div>\n\t\t\t\t<\/div>\n\t\t<div class=\"elementor-element elementor-element-6943c50 e-con-full e-flex e-con e-child\" data-id=\"6943c50\" data-element_type=\"container\">\n\t\t<div class=\"elementor-element elementor-element-0c720d4 e-con-full e-flex e-con e-child\" data-id=\"0c720d4\" data-element_type=\"container\">\n\t\t\t\t<div class=\"elementor-element elementor-element-7d1f8f0 elementor-widget elementor-widget-text-editor\" data-id=\"7d1f8f0\" data-element_type=\"widget\" data-widget_type=\"text-editor.default\">\n\t\t\t\t<div class=\"elementor-widget-container\">\n\t\t\t\t\t\t\t\t\t<p><b>Fomentando relaciones positivas: El Museo del Pueblo y las conexiones al aire libre<\/b><\/p><p>El Museo del Pueblo ampl\u00eda las perspectivas de los estudiantes al conectarlos con profesionales, activistas y artistas. Este innovador enfoque combina excursiones, relatos orales y experiencias pr\u00e1cticas para enriquecer el conocimiento y la comprensi\u00f3n de su entorno. Las conexiones al aire libre permiten a los estudiantes explorar su impacto en la naturaleza y practicar el principio de No Dejar Rastro.<\/p><p><b>Promoviendo la autocuraci\u00f3n y el amor propio<\/b><\/p><p>L.A Rooted enfatiza la importancia de la autoestima y el cuidado personal mediante actividades como ciclismo, yoga y talleres de nutrici\u00f3n. Al cultivar una s\u00f3lida conexi\u00f3n mente-cuerpo, los estudiantes desarrollan amor propio y resiliencia. El programa cree que cuidar el cuerpo mediante el ejercicio f\u00edsico y mental y una nutrici\u00f3n adecuada conduce a un cambio transformador.<\/p>\t\t\t\t\t\t\t\t<\/div>\n\t\t\t\t<\/div>\n\t\t\t\t<\/div>\n\t\t<div class=\"elementor-element elementor-element-cead031 e-con-full e-flex e-con e-child\" data-id=\"cead031\" data-element_type=\"container\">\n\t\t\t\t<div class=\"elementor-element elementor-element-c1cd7e0 elementor-widget elementor-widget-image\" data-id=\"c1cd7e0\" data-element_type=\"widget\" data-widget_type=\"image.default\">\n\t\t\t\t<div class=\"elementor-widget-container\">\n\t\t\t\t\t\t\t\t\t\t\t\t\t\t\t<img decoding=\"async\" width=\"800\" height=\"795\" src=\"https:\/\/rootsinmotion.org\/wp-content\/uploads\/2025\/03\/IMG_20250307_160751-1024x1017.jpg\" class=\"attachment-large size-large wp-image-1370\" alt=\"\" srcset=\"https:\/\/rootsinmotion.org\/wp-content\/uploads\/2025\/03\/IMG_20250307_160751-1024x1017.jpg 1024w, https:\/\/rootsinmotion.org\/wp-content\/uploads\/2025\/03\/IMG_20250307_160751-300x298.jpg 300w, https:\/\/rootsinmotion.org\/wp-content\/uploads\/2025\/03\/IMG_20250307_160751-150x150.jpg 150w, https:\/\/rootsinmotion.org\/wp-content\/uploads\/2025\/03\/IMG_20250307_160751-768x763.jpg 768w, https:\/\/rootsinmotion.org\/wp-content\/uploads\/2025\/03\/IMG_20250307_160751-12x12.jpg 12w, https:\/\/rootsinmotion.org\/wp-content\/uploads\/2025\/03\/IMG_20250307_160751.jpg 1284w\" sizes=\"(max-width: 800px) 100vw, 800px\" \/>\t\t\t\t\t\t\t\t\t\t\t\t\t\t\t<\/div>\n\t\t\t\t<\/div>\n\t\t\t\t<\/div>\n\t\t\t\t<\/div>\n\t\t\t\t\t<\/div>\n\t\t\t\t<\/div>\n\t\t\t\t<\/div>","protected":false},"excerpt":{"rendered":"<p>LA Rooted emerged as a beacon of transformative youth advocacy. Founded in March 2013 in collaboration with Everything is Medicine, LA Rooted is more than just a program; it\u2019s a journey embracing community leadership, ancestral wisdom, and environmental stewardship. Our hands-on, inquiry-based approach draws from the rich tapestry of cultures and biodiversity in Los Angeles, [&hellip;]<\/p>","protected":false},"author":1,"featured_media":0,"parent":0,"menu_order":0,"comment_status":"closed","ping_status":"closed","template":"","meta":{"_monsterinsights_skip_tracking":false,"_monsterinsights_sitenote_active":false,"_monsterinsights_sitenote_note":"","_monsterinsights_sitenote_category":0,"footnotes":""},"class_list":["post-1656","page","type-page","status-publish","hentry"],"aioseo_notices":[],"jetpack_sharing_enabled":true,"_links":{"self":[{"href":"https:\/\/rootsinmotion.org\/es\/wp-json\/wp\/v2\/pages\/1656","targetHints":{"allow":["GET"]}}],"collection":[{"href":"https:\/\/rootsinmotion.org\/es\/wp-json\/wp\/v2\/pages"}],"about":[{"href":"https:\/\/rootsinmotion.org\/es\/wp-json\/wp\/v2\/types\/page"}],"author":[{"embeddable":true,"href":"https:\/\/rootsinmotion.org\/es\/wp-json\/wp\/v2\/users\/1"}],"replies":[{"embeddable":true,"href":"https:\/\/rootsinmotion.org\/es\/wp-json\/wp\/v2\/comments?post=1656"}],"version-history":[{"count":41,"href":"https:\/\/rootsinmotion.org\/es\/wp-json\/wp\/v2\/pages\/1656\/revisions"}],"predecessor-version":[{"id":2272,"href":"https:\/\/rootsinmotion.org\/es\/wp-json\/wp\/v2\/pages\/1656\/revisions\/2272"}],"wp:attachment":[{"href":"https:\/\/rootsinmotion.org\/es\/wp-json\/wp\/v2\/media?parent=1656"}],"curies":[{"name":"wp","href":"https:\/\/api.w.org\/{rel}","templated":true}]}}