{"id":1567,"date":"2025-03-17T10:26:34","date_gmt":"2025-03-17T17:26:34","guid":{"rendered":"https:\/\/rootsinmotion.org\/?page_id=1567"},"modified":"2025-05-14T17:32:05","modified_gmt":"2025-05-15T00:32:05","slug":"bike-tours-for-healing-accessible","status":"publish","type":"page","link":"https:\/\/rootsinmotion.org\/es\/bike-tours-for-healing-accessible\/","title":{"rendered":"Excursiones en Bicicleta para Sanar"},"content":{"rendered":"<div data-elementor-type=\"wp-page\" data-elementor-id=\"1567\" class=\"elementor elementor-1567\" data-elementor-post-type=\"page\">\n\t\t\t\t<div class=\"elementor-element elementor-element-f152304 e-flex e-con-boxed e-con e-parent\" data-id=\"f152304\" data-element_type=\"container\">\n\t\t\t\t\t<div class=\"e-con-inner\">\n\t\t\t\t<div class=\"elementor-element elementor-element-62b0010 elementor-widget elementor-widget-text-editor\" data-id=\"62b0010\" data-element_type=\"widget\" data-widget_type=\"text-editor.default\">\n\t\t\t\t<div class=\"elementor-widget-container\">\n\t\t\t\t\t\t\t\t\t<p>Nuestros recorridos comunitarios en bicicleta son viajes inmersivos que trascienden los l\u00edmites de la vida urbana. Al pedalear por parques locales, estatales y nacionales, los participantes se embarcan en aventuras que no solo desaf\u00edan sus l\u00edmites f\u00edsicos, sino que tambi\u00e9n fomentan una conexi\u00f3n profunda con su yo interior y el entorno natural. Estos viajes de 3 o 4 recorridos en bicicleta son oportunidades para que los participantes reflexionen sobre la relaci\u00f3n rec\u00edproca entre los seres humanos y la naturaleza, record\u00e1ndonos los regalos que recibimos y la responsabilidad de proteger y cuidar nuestro planeta.<\/p><p><a href=\"https:\/\/docs.google.com\/forms\/d\/e\/1FAIpQLSe3mhJ19vUh3Z7zpO_hxLVAFsS2v8Wb24A9cL7s_cBHuREMdg\/viewform\">Registrarse para el evento<\/a><\/p><p><a href=\"\/es\/home-page-accessible\/#calendar\">Calendario<\/a><\/p><p><a href=\"https:\/\/www.zeffy.com\/donation-form\/donate-to-make-a-difference-9898\">Ap\u00f3yenos<\/a><\/p>\t\t\t\t\t\t\t\t<\/div>\n\t\t\t\t<\/div>\n\t\t\t\t\t<\/div>\n\t\t\t\t<\/div>\n\t\t<div class=\"elementor-element elementor-element-af30217 e-grid e-con-boxed e-con e-parent\" data-id=\"af30217\" data-element_type=\"container\">\n\t\t\t\t\t<div class=\"e-con-inner\">\n\t\t\t\t<div class=\"elementor-element elementor-element-a0414ca elementor-widget elementor-widget-image\" data-id=\"a0414ca\" data-element_type=\"widget\" data-widget_type=\"image.default\">\n\t\t\t\t<div class=\"elementor-widget-container\">\n\t\t\t\t\t\t\t\t\t\t\t\t\t\t\t<img fetchpriority=\"high\" decoding=\"async\" width=\"800\" height=\"601\" src=\"https:\/\/rootsinmotion.org\/wp-content\/uploads\/2024\/04\/IMG_5258-1024x769.jpg\" class=\"attachment-large size-large wp-image-9\" alt=\"\" srcset=\"https:\/\/rootsinmotion.org\/wp-content\/uploads\/2024\/04\/IMG_5258-1024x769.jpg 1024w, https:\/\/rootsinmotion.org\/wp-content\/uploads\/2024\/04\/IMG_5258-300x225.jpg 300w, https:\/\/rootsinmotion.org\/wp-content\/uploads\/2024\/04\/IMG_5258-768x577.jpg 768w, https:\/\/rootsinmotion.org\/wp-content\/uploads\/2024\/04\/IMG_5258-1536x1154.jpg 1536w, https:\/\/rootsinmotion.org\/wp-content\/uploads\/2024\/04\/IMG_5258-2048x1539.jpg 2048w\" sizes=\"(max-width: 800px) 100vw, 800px\" \/>\t\t\t\t\t\t\t\t\t\t\t\t\t\t\t<\/div>\n\t\t\t\t<\/div>\n\t\t\t\t<div class=\"elementor-element elementor-element-63c010c elementor-widget elementor-widget-image\" data-id=\"63c010c\" data-element_type=\"widget\" data-widget_type=\"image.default\">\n\t\t\t\t<div class=\"elementor-widget-container\">\n\t\t\t\t\t\t\t\t\t\t\t\t\t\t\t<img decoding=\"async\" width=\"561\" height=\"561\" src=\"https:\/\/rootsinmotion.org\/wp-content\/uploads\/2025\/02\/IMG_20240505_173746_162.webp\" class=\"attachment-large size-large wp-image-288\" alt=\"\" srcset=\"https:\/\/rootsinmotion.org\/wp-content\/uploads\/2025\/02\/IMG_20240505_173746_162.webp 561w, https:\/\/rootsinmotion.org\/wp-content\/uploads\/2025\/02\/IMG_20240505_173746_162-300x300.webp 300w, https:\/\/rootsinmotion.org\/wp-content\/uploads\/2025\/02\/IMG_20240505_173746_162-150x150.webp 150w\" sizes=\"(max-width: 561px) 100vw, 561px\" \/>\t\t\t\t\t\t\t\t\t\t\t\t\t\t\t<\/div>\n\t\t\t\t<\/div>\n\t\t\t\t<div class=\"elementor-element elementor-element-5cc211d elementor-widget elementor-widget-image\" data-id=\"5cc211d\" data-element_type=\"widget\" data-widget_type=\"image.default\">\n\t\t\t\t<div class=\"elementor-widget-container\">\n\t\t\t\t\t\t\t\t\t\t\t\t\t\t\t<img decoding=\"async\" width=\"800\" height=\"800\" src=\"https:\/\/rootsinmotion.org\/wp-content\/uploads\/2025\/02\/IMG_20240505_173745_651-1024x1024.webp\" class=\"attachment-large size-large wp-image-286\" alt=\"\" srcset=\"https:\/\/rootsinmotion.org\/wp-content\/uploads\/2025\/02\/IMG_20240505_173745_651-1024x1024.webp 1024w, https:\/\/rootsinmotion.org\/wp-content\/uploads\/2025\/02\/IMG_20240505_173745_651-300x300.webp 300w, https:\/\/rootsinmotion.org\/wp-content\/uploads\/2025\/02\/IMG_20240505_173745_651-150x150.webp 150w, https:\/\/rootsinmotion.org\/wp-content\/uploads\/2025\/02\/IMG_20240505_173745_651-768x768.webp 768w, https:\/\/rootsinmotion.org\/wp-content\/uploads\/2025\/02\/IMG_20240505_173745_651.webp 1080w\" sizes=\"(max-width: 800px) 100vw, 800px\" \/>\t\t\t\t\t\t\t\t\t\t\t\t\t\t\t<\/div>\n\t\t\t\t<\/div>\n\t\t\t\t\t<\/div>\n\t\t\t\t<\/div>\n\t\t\t\t<\/div>","protected":false},"excerpt":{"rendered":"<p>Our Community Bike Tours are immersive journeys that transcend the boundaries of urban life. By pedaling through local, state, and national parks, participants embark on adventures that not only challenge their physical limits but also foster a profound connection with their inner selves and the natural environment. These 3-4 bikepacking journeys are opportunities for participants [&hellip;]<\/p>","protected":false},"author":1,"featured_media":0,"parent":0,"menu_order":0,"comment_status":"closed","ping_status":"closed","template":"","meta":{"_monsterinsights_skip_tracking":false,"_monsterinsights_sitenote_active":false,"_monsterinsights_sitenote_note":"","_monsterinsights_sitenote_category":0,"footnotes":""},"class_list":["post-1567","page","type-page","status-publish","hentry"],"aioseo_notices":[],"jetpack_sharing_enabled":true,"_links":{"self":[{"href":"https:\/\/rootsinmotion.org\/es\/wp-json\/wp\/v2\/pages\/1567","targetHints":{"allow":["GET"]}}],"collection":[{"href":"https:\/\/rootsinmotion.org\/es\/wp-json\/wp\/v2\/pages"}],"about":[{"href":"https:\/\/rootsinmotion.org\/es\/wp-json\/wp\/v2\/types\/page"}],"author":[{"embeddable":true,"href":"https:\/\/rootsinmotion.org\/es\/wp-json\/wp\/v2\/users\/1"}],"replies":[{"embeddable":true,"href":"https:\/\/rootsinmotion.org\/es\/wp-json\/wp\/v2\/comments?post=1567"}],"version-history":[{"count":17,"href":"https:\/\/rootsinmotion.org\/es\/wp-json\/wp\/v2\/pages\/1567\/revisions"}],"predecessor-version":[{"id":2265,"href":"https:\/\/rootsinmotion.org\/es\/wp-json\/wp\/v2\/pages\/1567\/revisions\/2265"}],"wp:attachment":[{"href":"https:\/\/rootsinmotion.org\/es\/wp-json\/wp\/v2\/media?parent=1567"}],"curies":[{"name":"wp","href":"https:\/\/api.w.org\/{rel}","templated":true}]}}