{"id":1520,"date":"2025-03-17T09:39:23","date_gmt":"2025-03-17T16:39:23","guid":{"rendered":"https:\/\/rootsinmotion.org\/?page_id=1520"},"modified":"2025-05-14T17:27:04","modified_gmt":"2025-05-15T00:27:04","slug":"community-wellness-events-accessible","status":"publish","type":"page","link":"https:\/\/rootsinmotion.org\/es\/community-wellness-events-accessible\/","title":{"rendered":"Eventos de Bienestar Comunitario"},"content":{"rendered":"<div data-elementor-type=\"wp-page\" data-elementor-id=\"1520\" class=\"elementor elementor-1520\" data-elementor-post-type=\"page\">\n\t\t\t\t<div class=\"elementor-element elementor-element-1a34f7a e-flex e-con-boxed e-con e-parent\" data-id=\"1a34f7a\" data-element_type=\"container\">\n\t\t\t\t\t<div class=\"e-con-inner\">\n\t\t\t\t<div class=\"elementor-element elementor-element-9251d9a elementor-widget elementor-widget-text-editor\" data-id=\"9251d9a\" data-element_type=\"widget\" data-widget_type=\"text-editor.default\">\n\t\t\t\t<div class=\"elementor-widget-container\">\n\t\t\t\t\t\t\t\t\t<p>Bicicleta, Senderismo, y Caminata para el Bienestar es un evento de dos partes dise\u00f1ado para fomentar el bienestar a trav\u00e9s del movimiento, la naturaleza y el cuidado comunitario. \u00danase a nosotros para una caminata guiada, con el apoyo de Hearts for Sight, que proporciona ayudas de movilidad adaptadas para participantes con movilidad limitada y discapacidad visual. Despu\u00e9s, re\u00fanase en nuestra Feria de resiliencia, donde disfrutar\u00e1 de comidas nutritivas gratuitas a base de plantas, actividades art\u00edsticas interactivas para j\u00f3venes, talleres de sanaci\u00f3n y recursos de resiliencia comunitaria de organizaciones asociadas. Este evento combina la actividad f\u00edsica con la atenci\u00f3n plena, la conexi\u00f3n y el apoyo a la salud mental, creando un espacio inclusivo para que todos prosperen. \u00a1Venga a moverse, sanar y crecer con nosotros!<\/p><p><a href=\"https:\/\/docs.google.com\/forms\/d\/e\/1FAIpQLSe3mhJ19vUh3Z7zpO_hxLVAFsS2v8Wb24A9cL7s_cBHuREMdg\/viewform\">Formulario de inscripci\u00f3n<\/a><\/p><p><a href=\"\/es\/home-page-accessible\/#calendar\">Calendario<\/a><\/p><p><a href=\"https:\/\/www.zeffy.com\/donation-form\/donate-to-make-a-difference-9898\">Ap\u00f3yenos<\/a><\/p>\t\t\t\t\t\t\t\t<\/div>\n\t\t\t\t<\/div>\n\t\t\t\t\t<\/div>\n\t\t\t\t<\/div>\n\t\t<div class=\"elementor-element elementor-element-41e8f70 e-flex e-con-boxed e-con e-parent\" data-id=\"41e8f70\" data-element_type=\"container\">\n\t\t\t\t\t<div class=\"e-con-inner\">\n\t\t<div class=\"elementor-element elementor-element-bc21173 e-grid e-con-full e-con e-child\" data-id=\"bc21173\" data-element_type=\"container\">\n\t\t\t\t<div class=\"elementor-element elementor-element-02d8c79 elementor-widget elementor-widget-image\" data-id=\"02d8c79\" data-element_type=\"widget\" data-widget_type=\"image.default\">\n\t\t\t\t<div class=\"elementor-widget-container\">\n\t\t\t\t\t\t\t\t\t\t\t\t\t\t\t<img fetchpriority=\"high\" decoding=\"async\" width=\"561\" height=\"561\" src=\"https:\/\/rootsinmotion.org\/wp-content\/uploads\/2025\/02\/IMG_20240505_173746_162.webp\" class=\"attachment-large size-large wp-image-288\" alt=\"\" srcset=\"https:\/\/rootsinmotion.org\/wp-content\/uploads\/2025\/02\/IMG_20240505_173746_162.webp 561w, https:\/\/rootsinmotion.org\/wp-content\/uploads\/2025\/02\/IMG_20240505_173746_162-300x300.webp 300w, https:\/\/rootsinmotion.org\/wp-content\/uploads\/2025\/02\/IMG_20240505_173746_162-150x150.webp 150w\" sizes=\"(max-width: 561px) 100vw, 561px\" \/>\t\t\t\t\t\t\t\t\t\t\t\t\t\t\t<\/div>\n\t\t\t\t<\/div>\n\t\t\t\t<div class=\"elementor-element elementor-element-e1b09ab elementor-widget elementor-widget-image\" data-id=\"e1b09ab\" data-element_type=\"widget\" data-widget_type=\"image.default\">\n\t\t\t\t<div class=\"elementor-widget-container\">\n\t\t\t\t\t\t\t\t\t\t\t\t\t\t\t<img decoding=\"async\" width=\"800\" height=\"800\" src=\"https:\/\/rootsinmotion.org\/wp-content\/uploads\/2025\/02\/IMG_20240505_173745_651-1024x1024.webp\" class=\"attachment-large size-large wp-image-286\" alt=\"\" srcset=\"https:\/\/rootsinmotion.org\/wp-content\/uploads\/2025\/02\/IMG_20240505_173745_651-1024x1024.webp 1024w, https:\/\/rootsinmotion.org\/wp-content\/uploads\/2025\/02\/IMG_20240505_173745_651-300x300.webp 300w, https:\/\/rootsinmotion.org\/wp-content\/uploads\/2025\/02\/IMG_20240505_173745_651-150x150.webp 150w, https:\/\/rootsinmotion.org\/wp-content\/uploads\/2025\/02\/IMG_20240505_173745_651-768x768.webp 768w, https:\/\/rootsinmotion.org\/wp-content\/uploads\/2025\/02\/IMG_20240505_173745_651.webp 1080w\" sizes=\"(max-width: 800px) 100vw, 800px\" \/>\t\t\t\t\t\t\t\t\t\t\t\t\t\t\t<\/div>\n\t\t\t\t<\/div>\n\t\t\t\t<div class=\"elementor-element elementor-element-75163c5 elementor-widget elementor-widget-image\" data-id=\"75163c5\" data-element_type=\"widget\" data-widget_type=\"image.default\">\n\t\t\t\t<div class=\"elementor-widget-container\">\n\t\t\t\t\t\t\t\t\t\t\t\t\t\t\t<img decoding=\"async\" width=\"800\" height=\"600\" src=\"https:\/\/rootsinmotion.org\/wp-content\/uploads\/2025\/02\/IMG_1259-1024x768.jpg\" class=\"attachment-large size-large wp-image-259\" alt=\"\" srcset=\"https:\/\/rootsinmotion.org\/wp-content\/uploads\/2025\/02\/IMG_1259-1024x768.jpg 1024w, https:\/\/rootsinmotion.org\/wp-content\/uploads\/2025\/02\/IMG_1259-300x225.jpg 300w, https:\/\/rootsinmotion.org\/wp-content\/uploads\/2025\/02\/IMG_1259-768x576.jpg 768w, https:\/\/rootsinmotion.org\/wp-content\/uploads\/2025\/02\/IMG_1259-1536x1152.jpg 1536w, https:\/\/rootsinmotion.org\/wp-content\/uploads\/2025\/02\/IMG_1259-2048x1536.jpg 2048w\" sizes=\"(max-width: 800px) 100vw, 800px\" \/>\t\t\t\t\t\t\t\t\t\t\t\t\t\t\t<\/div>\n\t\t\t\t<\/div>\n\t\t\t\t<\/div>\n\t\t\t\t\t<\/div>\n\t\t\t\t<\/div>\n\t\t<div class=\"elementor-element elementor-element-03498cb e-flex e-con-boxed e-con e-parent\" data-id=\"03498cb\" data-element_type=\"container\" data-no-translation=\"\">\n\t\t\t\t\t<div class=\"e-con-inner\">\n\t\t\t\t<div class=\"elementor-element elementor-element-aba7b69 elementor-widget elementor-widget-video\" data-id=\"aba7b69\" data-element_type=\"widget\" data-settings=\"{&quot;youtube_url&quot;:&quot;https:\\\/\\\/www.youtube.com\\\/embed\\\/kQaA7Jer77U?si=UmuLHvt_fcuxwaCG&quot;,&quot;video_type&quot;:&quot;youtube&quot;,&quot;controls&quot;:&quot;yes&quot;}\" data-widget_type=\"video.default\">\n\t\t\t\t<div class=\"elementor-widget-container\">\n\t\t\t\t\t\t\t<div class=\"elementor-wrapper elementor-open-inline\">\n\t\t\t<div class=\"elementor-video\"><\/div>\t\t<\/div>\n\t\t\t\t\t\t<\/div>\n\t\t\t\t<\/div>\n\t\t\t\t<div class=\"elementor-element elementor-element-4df5bdc elementor-widget elementor-widget-video\" data-id=\"4df5bdc\" data-element_type=\"widget\" data-settings=\"{&quot;youtube_url&quot;:&quot;https:\\\/\\\/www.youtube.com\\\/embed\\\/ZZSU4vQoAjU?si=XpC7YLbjng_ZFfMg&quot;,&quot;video_type&quot;:&quot;youtube&quot;,&quot;controls&quot;:&quot;yes&quot;}\" data-widget_type=\"video.default\">\n\t\t\t\t<div class=\"elementor-widget-container\">\n\t\t\t\t\t\t\t<div class=\"elementor-wrapper elementor-open-inline\">\n\t\t\t<div class=\"elementor-video\"><\/div>\t\t<\/div>\n\t\t\t\t\t\t<\/div>\n\t\t\t\t<\/div>\n\t\t\t\t<div class=\"elementor-element elementor-element-ae63922 elementor-widget elementor-widget-video\" data-id=\"ae63922\" data-element_type=\"widget\" data-settings=\"{&quot;youtube_url&quot;:&quot;https:\\\/\\\/www.youtube.com\\\/embed\\\/_9WFsDrLwpY?si=5DoIt3l54QSLePD5&quot;,&quot;video_type&quot;:&quot;youtube&quot;,&quot;controls&quot;:&quot;yes&quot;}\" data-widget_type=\"video.default\">\n\t\t\t\t<div class=\"elementor-widget-container\">\n\t\t\t\t\t\t\t<div class=\"elementor-wrapper elementor-open-inline\">\n\t\t\t<div class=\"elementor-video\"><\/div>\t\t<\/div>\n\t\t\t\t\t\t<\/div>\n\t\t\t\t<\/div>\n\t\t\t\t\t<\/div>\n\t\t\t\t<\/div>\n\t\t\t\t<\/div>","protected":false},"excerpt":{"rendered":"<p>Bike, Hike, and Walk for Wellness is a two-part event designed to nurture well-being through movement, nature, and community care. Join us for a guided hike, supported by Hearts for Sight, providing adaptive mobility aids for limited-mobility and visually impaired participants. Afterward, gather at our Resilience Fair, where you\u2019ll enjoy free nutritious plant-based meals, interactive [&hellip;]<\/p>","protected":false},"author":1,"featured_media":0,"parent":0,"menu_order":0,"comment_status":"closed","ping_status":"closed","template":"","meta":{"_monsterinsights_skip_tracking":false,"_monsterinsights_sitenote_active":false,"_monsterinsights_sitenote_note":"","_monsterinsights_sitenote_category":0,"footnotes":""},"class_list":["post-1520","page","type-page","status-publish","hentry"],"aioseo_notices":[],"jetpack_sharing_enabled":true,"_links":{"self":[{"href":"https:\/\/rootsinmotion.org\/es\/wp-json\/wp\/v2\/pages\/1520","targetHints":{"allow":["GET"]}}],"collection":[{"href":"https:\/\/rootsinmotion.org\/es\/wp-json\/wp\/v2\/pages"}],"about":[{"href":"https:\/\/rootsinmotion.org\/es\/wp-json\/wp\/v2\/types\/page"}],"author":[{"embeddable":true,"href":"https:\/\/rootsinmotion.org\/es\/wp-json\/wp\/v2\/users\/1"}],"replies":[{"embeddable":true,"href":"https:\/\/rootsinmotion.org\/es\/wp-json\/wp\/v2\/comments?post=1520"}],"version-history":[{"count":36,"href":"https:\/\/rootsinmotion.org\/es\/wp-json\/wp\/v2\/pages\/1520\/revisions"}],"predecessor-version":[{"id":2261,"href":"https:\/\/rootsinmotion.org\/es\/wp-json\/wp\/v2\/pages\/1520\/revisions\/2261"}],"wp:attachment":[{"href":"https:\/\/rootsinmotion.org\/es\/wp-json\/wp\/v2\/media?parent=1520"}],"curies":[{"name":"wp","href":"https:\/\/api.w.org\/{rel}","templated":true}]}}